{"id":21,"date":"2024-08-06T18:41:19","date_gmt":"2024-08-06T22:41:19","guid":{"rendered":"http:\/\/empresa.smartpaychile.cl\/?page_id=21"},"modified":"2024-08-07T19:32:22","modified_gmt":"2024-08-07T23:32:22","slug":"smartpayschool","status":"publish","type":"page","link":"https:\/\/empresa.smartpaychile.cl\/index.php\/smartpayschool\/","title":{"rendered":"SmartPaySchool"},"content":{"rendered":"\n<p>\u00bfEres tesorero de una directiva de curso y buscas una forma m\u00e1s eficiente de<br>administrar las cuotas escolares? Descubre SmartPaySchool, la soluci\u00f3n integral<br>dise\u00f1ada para ti.<\/p>\n\n\n\n<div style=\"height:49px\" aria-hidden=\"true\" class=\"wp-block-spacer\"><\/div>\n\n\n\n<h3 class=\"wp-block-heading\"><strong>Con SmartPaySchool, podr\u00e1s<\/strong>:<\/h3>\n\n\n\n<ol class=\"wp-block-list\">\n<li><strong>Visualizar estados de cuenta de forma clara y organizada.<\/strong><\/li>\n\n\n\n<li><strong>Recibir notificaciones autom\u00e1ticas de pagos pendientes y vencidos.<\/strong><\/li>\n\n\n\n<li><strong>Comunicarte f\u00e1cilmente con los apoderados para recordarles las cuotas.<\/strong><\/li>\n\n\n\n<li><strong>Realizar un seguimiento detallado de los ingresos y egresos del curso.<\/strong><\/li>\n\n\n\n<li><strong>Acceder a presupuestos actualizados para planificar actividades escolares.<\/strong><\/li>\n\n\n\n<li><strong>Unificar todas las cuentas de los apoderados bajo una sola plataforma.<\/strong><\/li>\n\n\n\n<li><strong>Generar informes profesionales para presentaciones en reuniones de apoderados.<\/strong><\/li>\n\n\n\n<li><strong>Sistema 100% Web:<\/strong> Podr\u00e1s acceder desde cualquier lugar y desde los dispositivos que quieras.<\/li>\n<\/ol>\n\n\n\n<h3 class=\"wp-block-heading\">Valores:<\/h3>\n\n\n\n<ul class=\"wp-block-list\">\n<li class=\"has-medium-font-size\"><strong>Puesta en Marcha<\/strong> &#8212; $20.000\n<ul class=\"wp-block-list\">\n<li>Incluye Carga de Alumnos<\/li>\n\n\n\n<li>Incluye Carga de Apoderados<\/li>\n<\/ul>\n<\/li>\n\n\n\n<li class=\"has-medium-font-size\"><strong>Costo Mensual<\/strong> &#8212; $7.000\n<ul class=\"wp-block-list\">\n<li>El Costo Mensual es por curso.<\/li>\n<\/ul>\n<\/li>\n<\/ul>\n\n\n\n<h3 class=\"wp-block-heading\">Cont\u00e1ctanos y solicita tu mes de prueba<\/h3>\n","protected":false},"excerpt":{"rendered":"<p>\u00bfEres tesorero de una directiva de curso y buscas una forma m\u00e1s eficiente deadministrar las cuotas escolares? Descubre SmartPaySchool, la soluci\u00f3n integraldise\u00f1ada para ti. Con SmartPaySchool, podr\u00e1s: Valores: Cont\u00e1ctanos y solicita tu mes de prueba<\/p>\n","protected":false},"author":1,"featured_media":0,"parent":0,"menu_order":0,"comment_status":"closed","ping_status":"closed","template":"","meta":{"_joinchat":[],"footnotes":""},"class_list":["post-21","page","type-page","status-publish","hentry"],"_links":{"self":[{"href":"https:\/\/empresa.smartpaychile.cl\/index.php\/wp-json\/wp\/v2\/pages\/21","targetHints":{"allow":["GET"]}}],"collection":[{"href":"https:\/\/empresa.smartpaychile.cl\/index.php\/wp-json\/wp\/v2\/pages"}],"about":[{"href":"https:\/\/empresa.smartpaychile.cl\/index.php\/wp-json\/wp\/v2\/types\/page"}],"author":[{"embeddable":true,"href":"https:\/\/empresa.smartpaychile.cl\/index.php\/wp-json\/wp\/v2\/users\/1"}],"replies":[{"embeddable":true,"href":"https:\/\/empresa.smartpaychile.cl\/index.php\/wp-json\/wp\/v2\/comments?post=21"}],"version-history":[{"count":3,"href":"https:\/\/empresa.smartpaychile.cl\/index.php\/wp-json\/wp\/v2\/pages\/21\/revisions"}],"predecessor-version":[{"id":184,"href":"https:\/\/empresa.smartpaychile.cl\/index.php\/wp-json\/wp\/v2\/pages\/21\/revisions\/184"}],"wp:attachment":[{"href":"https:\/\/empresa.smartpaychile.cl\/index.php\/wp-json\/wp\/v2\/media?parent=21"}],"curies":[{"name":"wp","href":"https:\/\/api.w.org\/{rel}","templated":true}]}}