{"id":22,"date":"2024-08-06T18:41:19","date_gmt":"2024-08-06T22:41:19","guid":{"rendered":"http:\/\/empresa.smartpaychile.cl\/?page_id=22"},"modified":"2024-08-07T19:55:16","modified_gmt":"2024-08-07T23:55:16","slug":"smarypaycmr","status":"publish","type":"page","link":"https:\/\/empresa.smartpaychile.cl\/index.php\/smarypaycmr\/","title":{"rendered":"SmaryPayCMR-ERP"},"content":{"rendered":"\n<h4 class=\"wp-block-heading\">Caracter\u00edsticas Principales:<\/h4>\n\n\n\n<ol class=\"wp-block-list\">\n<li><strong>Gesti\u00f3n Financiera:<\/strong>\n<ul class=\"wp-block-list\">\n<li>Cuentas por pagar y por cobrar, gesti\u00f3n de activos.<\/li>\n\n\n\n<li>Informes financieros y anal\u00edticos para la toma de decisiones estrat\u00e9gicas.<\/li>\n<\/ul>\n<\/li>\n\n\n\n<li><strong>Gesti\u00f3n de Inventario y Almac\u00e9n:<\/strong>\n<ul class=\"wp-block-list\">\n<li>Control de inventarios, seguimiento de existencias, \u00f3rdenes de compra y gesti\u00f3n de almacenes.<\/li>\n\n\n\n<li>Optimizaci\u00f3n del inventario mediante reabastecimiento autom\u00e1tico y an\u00e1lisis de demanda.<\/li>\n<\/ul>\n<\/li>\n\n\n\n<li><strong>Gesti\u00f3n de Producci\u00f3n:<\/strong>\n<ul class=\"wp-block-list\">\n<li>Planificaci\u00f3n y control de la producci\u00f3n, gesti\u00f3n de \u00f3rdenes de trabajo y monitoreo de procesos de fabricaci\u00f3n.<\/li>\n\n\n\n<li>Gesti\u00f3n de la cadena de suministro y coordinaci\u00f3n con proveedores.<\/li>\n<\/ul>\n<\/li>\n\n\n\n<li><strong>Gesti\u00f3n de Ventas y Distribuci\u00f3n:<\/strong>\n<ul class=\"wp-block-list\">\n<li>Procesamiento de pedidos, gesti\u00f3n de clientes, seguimiento de ventas y distribuci\u00f3n de productos.<\/li>\n\n\n\n<li>An\u00e1lisis de ventas y previsi\u00f3n de demanda.<\/li>\n<\/ul>\n<\/li>\n\n\n\n<li><strong>Gesti\u00f3n de Compras:<\/strong>\n<ul class=\"wp-block-list\">\n<li>Administraci\u00f3n de proveedores, seguimiento de \u00f3rdenes de compra y control de gastos.<\/li>\n\n\n\n<li>Evaluaci\u00f3n y selecci\u00f3n de proveedores.<\/li>\n<\/ul>\n<\/li>\n\n\n\n<li><strong>Gesti\u00f3n de Contactos:<\/strong>\n<ul class=\"wp-block-list\">\n<li>Almacenamiento centralizado de la informaci\u00f3n de clientes y prospectos, incluyendo datos de contacto, historial de interacciones y preferencias.<\/li>\n<\/ul>\n<\/li>\n\n\n\n<li><strong>Gesti\u00f3n de Ventas:<\/strong>\n<ul class=\"wp-block-list\">\n<li>Seguimiento de oportunidades de ventas, gesti\u00f3n de pipeline y pron\u00f3stico de ventas.<\/li>\n\n\n\n<li>Automatizaci\u00f3n de la fuerza de ventas, incluyendo la creaci\u00f3n de cotizaciones, \u00f3rdenes y contratos.<\/li>\n<\/ul>\n<\/li>\n\n\n\n<li><strong>Automatizaci\u00f3n del Marketing:<\/strong>\n<ul class=\"wp-block-list\">\n<li>Segmentaci\u00f3n de clientes, gesti\u00f3n de campa\u00f1as y seguimiento del rendimiento de las mismas.<\/li>\n\n\n\n<li>Env\u00edo de correos electr\u00f3nicos personalizados y automatizados, y an\u00e1lisis de la efectividad de las campa\u00f1as.<\/li>\n<\/ul>\n<\/li>\n\n\n\n<li>Emision de Documentos Fiscales Electronicos\n<ul class=\"wp-block-list\">\n<li>Factura de Ventas<\/li>\n\n\n\n<li>Gu\u00eda de Despacho<\/li>\n\n\n\n<li>Nota de Cr\u00e9dito<\/li>\n\n\n\n<li>Nota de D\u00e9bito<\/li>\n\n\n\n<li>Libro de Compras<\/li>\n\n\n\n<li>Libro Ventas<\/li>\n<\/ul>\n<\/li>\n\n\n\n<li>Integraci\u00f3n con SII<\/li>\n<\/ol>\n\n\n\n<h4 class=\"wp-block-heading\">Beneficios del CRM-ERP:<\/h4>\n\n\n\n<ul class=\"wp-block-list\">\n<li><strong>Mejora de la Relaci\u00f3n con el Cliente:<\/strong> Proporciona una vista completa del cliente, permitiendo una interacci\u00f3n m\u00e1s personalizada y efectiva.<\/li>\n\n\n\n<li><strong>Aumento de las Ventas:<\/strong> Optimiza el proceso de ventas, mejora la gesti\u00f3n de oportunidades y aumenta las tasas de conversi\u00f3n.<\/li>\n\n\n\n<li><strong>Automatizaci\u00f3n de Procesos:<\/strong> Reduce el tiempo dedicado a tareas administrativas, permitiendo al equipo enfocarse en actividades estrat\u00e9gicas.<\/li>\n\n\n\n<li><strong>An\u00e1lisis y Toma de Decisiones:<\/strong> Proporciona datos valiosos y an\u00e1lisis que ayudan a entender el comportamiento del cliente y tomar decisiones informadas.<\/li>\n\n\n\n<li><strong>Mejora del Servicio al Cliente:<\/strong> Facilita la gesti\u00f3n eficiente de solicitudes y problemas de los clientes, mejorando su satisfacci\u00f3n y fidelizaci\u00f3n.<\/li>\n<\/ul>\n\n\n\n<h3 class=\"wp-block-heading\">Conclusi\u00f3n<\/h3>\n\n\n\n<p>Tanto los sistemas ERP como los CRM son herramientas esenciales para la gesti\u00f3n moderna de negocios. Mientras que el ERP se centra en la integraci\u00f3n y optimizaci\u00f3n de los procesos internos, el CRM se centra en la gesti\u00f3n y mejora<\/p>\n\n\n\n<h3 class=\"wp-block-heading\">Valores:<\/h3>\n\n\n\n<ul class=\"wp-block-list\">\n<li class=\"has-medium-font-size\"><strong>Puesta en Marcha<\/strong> &#8212; $350.000\n<ul class=\"wp-block-list\">\n<li>Incluye Configuraci\u00f3n Inicial<\/li>\n\n\n\n<li>Ajustes para tu empresa<\/li>\n<\/ul>\n<\/li>\n\n\n\n<li class=\"has-medium-font-size\"><strong>Costo Mensual<\/strong> &#8212; $80.000\n<ul class=\"wp-block-list\">\n<li>Incluye alojamiento de la aplicaci\u00f3n.<\/li>\n\n\n\n<li>Mejoras continuas<\/li>\n\n\n\n<li>Adaptaciones a tu proceso de negocio.<\/li>\n<\/ul>\n<\/li>\n<\/ul>\n\n\n\n<h3 class=\"wp-block-heading\">Cont\u00e1ctanos y solicita tu mes de prueba<\/h3>\n","protected":false},"excerpt":{"rendered":"<p>Caracter\u00edsticas Principales: Beneficios del CRM-ERP: Conclusi\u00f3n Tanto los sistemas ERP como los CRM son herramientas esenciales para la gesti\u00f3n moderna de negocios. Mientras que el ERP se centra en la integraci\u00f3n y optimizaci\u00f3n de los procesos internos, el CRM se centra en la gesti\u00f3n y mejora Valores: Cont\u00e1ctanos y solicita tu mes de prueba<\/p>\n","protected":false},"author":1,"featured_media":0,"parent":0,"menu_order":0,"comment_status":"closed","ping_status":"closed","template":"","meta":{"_joinchat":[],"footnotes":""},"class_list":["post-22","page","type-page","status-publish","hentry"],"_links":{"self":[{"href":"https:\/\/empresa.smartpaychile.cl\/index.php\/wp-json\/wp\/v2\/pages\/22","targetHints":{"allow":["GET"]}}],"collection":[{"href":"https:\/\/empresa.smartpaychile.cl\/index.php\/wp-json\/wp\/v2\/pages"}],"about":[{"href":"https:\/\/empresa.smartpaychile.cl\/index.php\/wp-json\/wp\/v2\/types\/page"}],"author":[{"embeddable":true,"href":"https:\/\/empresa.smartpaychile.cl\/index.php\/wp-json\/wp\/v2\/users\/1"}],"replies":[{"embeddable":true,"href":"https:\/\/empresa.smartpaychile.cl\/index.php\/wp-json\/wp\/v2\/comments?post=22"}],"version-history":[{"count":6,"href":"https:\/\/empresa.smartpaychile.cl\/index.php\/wp-json\/wp\/v2\/pages\/22\/revisions"}],"predecessor-version":[{"id":196,"href":"https:\/\/empresa.smartpaychile.cl\/index.php\/wp-json\/wp\/v2\/pages\/22\/revisions\/196"}],"wp:attachment":[{"href":"https:\/\/empresa.smartpaychile.cl\/index.php\/wp-json\/wp\/v2\/media?parent=22"}],"curies":[{"name":"wp","href":"https:\/\/api.w.org\/{rel}","templated":true}]}}