{"id":54,"date":"2024-08-06T19:08:51","date_gmt":"2024-08-06T23:08:51","guid":{"rendered":"http:\/\/empresa.smartpaychile.cl\/?page_id=54"},"modified":"2024-08-07T19:25:03","modified_gmt":"2024-08-07T23:25:03","slug":"smartpaypv","status":"publish","type":"page","link":"https:\/\/empresa.smartpaychile.cl\/index.php\/smartpaypv\/","title":{"rendered":"SmartPayPV"},"content":{"rendered":"\n<div class=\"wp-block-group is-nowrap is-layout-flex wp-container-core-group-is-layout-ad2f72ca wp-block-group-is-layout-flex\">\n<p>Nuestro Sistema de Punto de Venta es una herramienta integral dise\u00f1ada para facilitar y optimizar las operaciones de ventas de un negocio. Este sistema no solo permite procesar transacciones de manera r\u00e1pida y segura, sino que tambi\u00e9n ofrece una amplia gama de funcionalidades que ayudan a mejorar la gesti\u00f3n y el control de diversas \u00e1reas del negocio.<\/p>\n<\/div>\n\n\n\n<div style=\"height:46px\" aria-hidden=\"true\" class=\"wp-block-spacer\"><\/div>\n\n\n\n<h3 class=\"wp-block-heading\">Caracter\u00edsticas Principales:<\/h3>\n\n\n\n<ol class=\"wp-block-list\">\n<li><strong>Procesamiento de Ventas:<\/strong>\n<ul class=\"wp-block-list\">\n<li><strong>Registro de ventas:<\/strong> Permite registrar las ventas de productos o servicios de manera precisa y r\u00e1pida.<\/li>\n\n\n\n<li><strong>Diversas formas de pago:<\/strong> Acepta m\u00faltiples m\u00e9todos de pago, incluyendo tarjetas de cr\u00e9dito\/d\u00e9bito, efectivo, transferencias bancarias.<\/li>\n\n\n\n<li><strong>Generaci\u00f3n de recibos:<\/strong> Emite recibos de compra detallados para los clientes.<\/li>\n\n\n\n<li><strong>Sistema 100% Web:<\/strong> Podr\u00e1s acceder desde cualquier lugar y desde los dispositivos que quieras.<\/li>\n<\/ul>\n<\/li>\n<\/ol>\n\n\n\n<p><strong>Gesti\u00f3n de Inventarios:<\/strong><\/p>\n\n\n\n<ul class=\"wp-block-list\">\n<li><strong>Control de stock:<\/strong> Monitorea el inventario en tiempo real, evitando el exceso de existencias o el desabastecimiento.<\/li>\n\n\n\n<li><strong>Alertas de reabastecimiento:<\/strong> Notifica cuando los niveles de inventario est\u00e1n bajos para realizar pedidos oportunamente.<\/li>\n\n\n\n<li><strong>Historial de productos:<\/strong> Mantiene un registro de los movimientos de inventario y el historial de ventas de cada producto.<\/li>\n<\/ul>\n\n\n\n<p><strong>Informes y An\u00e1lisis:<\/strong><\/p>\n\n\n\n<ul class=\"wp-block-list\">\n<li><strong>Reportes de ventas:<\/strong> Genera informes detallados sobre las ventas diarias, semanales y mensuales.<\/li>\n\n\n\n<li><strong>An\u00e1lisis de rendimiento:<\/strong> Proporciona datos sobre el rendimiento de productos y empleados.<\/li>\n\n\n\n<li><strong>Tendencias de negocio:<\/strong> Identifica patrones y tendencias para ayudar en la toma de decisiones estrat\u00e9gicas.<\/li>\n<\/ul>\n\n\n\n<p><strong>Integraciones y Escalabilidad:<\/strong><\/p>\n\n\n\n<ul class=\"wp-block-list\">\n<li><strong>Integraci\u00f3n con otros sistemas:<\/strong> Se puede integrar con sistemas de contabilidad, marketing y comercio electr\u00f3nico.<\/li>\n\n\n\n<li><strong>Escalable:<\/strong> Se adapta a las necesidades de negocios de todos los tama\u00f1os, desde peque\u00f1as tiendas hasta grandes cadenas.<\/li>\n<\/ul>\n\n\n\n<h3 class=\"wp-block-heading\">Beneficios de Implementar un Sistema POS:<\/h3>\n\n\n\n<ul class=\"wp-block-list\">\n<li><strong>Eficiencia Operacional:<\/strong> Automatiza procesos y reduce errores humanos, mejorando la eficiencia operativa.<\/li>\n\n\n\n<li><strong>Experiencia del Cliente:<\/strong> Mejora la experiencia de compra del cliente a trav\u00e9s de un servicio r\u00e1pido y personalizado.<\/li>\n\n\n\n<li><strong>Toma de Decisiones:<\/strong> Proporciona datos y an\u00e1lisis que facilitan la toma de decisiones informadas.<\/li>\n\n\n\n<li><strong>Rentabilidad:<\/strong> Optimiza la gesti\u00f3n de inventarios y reduce p\u00e9rdidas, incrementando la rentabilidad del negocio.<\/li>\n<\/ul>\n\n\n\n<h3 class=\"wp-block-heading\">Valores:<\/h3>\n\n\n\n<ul class=\"wp-block-list\">\n<li class=\"has-medium-font-size\"><strong>Puesta en Marcha<\/strong> &#8212; $120.000\n<ul class=\"wp-block-list\">\n<li>Incluye Lector de C\u00f3digo de Barras<\/li>\n\n\n\n<li>Incluye Impresora T\u00e9rmica<\/li>\n\n\n\n<li>Incluye Carga Inicial de Inventario<\/li>\n<\/ul>\n<\/li>\n\n\n\n<li class=\"has-medium-font-size\"><strong>Costo Mensual<\/strong> &#8212; $30.000\n<ul class=\"wp-block-list\">\n<li>Incluye alojamiento de la aplicaci\u00f3n.<\/li>\n\n\n\n<li>Mejoras continuas<\/li>\n\n\n\n<li>Adaptaciones a tu proceso de negocio.<\/li>\n\n\n\n<li>Inventario cada 6 meses.<\/li>\n<\/ul>\n<\/li>\n<\/ul>\n\n\n\n<h3 class=\"wp-block-heading\">Cont\u00e1ctanos y solicita tu mes de prueba<\/h3>\n","protected":false},"excerpt":{"rendered":"<p>Nuestro Sistema de Punto de Venta es una herramienta integral dise\u00f1ada para facilitar y optimizar las operaciones de ventas de un negocio. Este sistema no solo permite procesar transacciones de manera r\u00e1pida y segura, sino que tambi\u00e9n ofrece una amplia gama de funcionalidades que ayudan a mejorar la gesti\u00f3n y el control de diversas \u00e1reas [&hellip;]<\/p>\n","protected":false},"author":1,"featured_media":0,"parent":0,"menu_order":0,"comment_status":"closed","ping_status":"closed","template":"page-templates\/page-full-width.php","meta":{"_joinchat":[],"footnotes":""},"class_list":["post-54","page","type-page","status-publish","hentry"],"_links":{"self":[{"href":"https:\/\/empresa.smartpaychile.cl\/index.php\/wp-json\/wp\/v2\/pages\/54","targetHints":{"allow":["GET"]}}],"collection":[{"href":"https:\/\/empresa.smartpaychile.cl\/index.php\/wp-json\/wp\/v2\/pages"}],"about":[{"href":"https:\/\/empresa.smartpaychile.cl\/index.php\/wp-json\/wp\/v2\/types\/page"}],"author":[{"embeddable":true,"href":"https:\/\/empresa.smartpaychile.cl\/index.php\/wp-json\/wp\/v2\/users\/1"}],"replies":[{"embeddable":true,"href":"https:\/\/empresa.smartpaychile.cl\/index.php\/wp-json\/wp\/v2\/comments?post=54"}],"version-history":[{"count":9,"href":"https:\/\/empresa.smartpaychile.cl\/index.php\/wp-json\/wp\/v2\/pages\/54\/revisions"}],"predecessor-version":[{"id":164,"href":"https:\/\/empresa.smartpaychile.cl\/index.php\/wp-json\/wp\/v2\/pages\/54\/revisions\/164"}],"wp:attachment":[{"href":"https:\/\/empresa.smartpaychile.cl\/index.php\/wp-json\/wp\/v2\/media?parent=54"}],"curies":[{"name":"wp","href":"https:\/\/api.w.org\/{rel}","templated":true}]}}